{"id":189,"date":"2021-04-11T07:55:29","date_gmt":"2021-04-11T07:55:29","guid":{"rendered":"http:\/\/www.saukstasproto.lt\/?page_id=189"},"modified":"2022-03-16T12:33:30","modified_gmt":"2022-03-16T12:33:30","slug":"naujam-klientui","status":"publish","type":"page","link":"https:\/\/saukstasproto.lt\/?page_id=189","title":{"rendered":"Naujam klientui"},"content":{"rendered":"\n<p>Trumpai apie tai, kaip vyksta psichologo konsultacijos pas mane. <\/p>\n\n\n\n<h2 class=\"wp-block-heading\">Iki pirmos konsultacijos <\/h2>\n\n\n\n<p>Visos konsultacijos vyksta tik u\u017esiregistravus i\u0161 anksto ir sutarus d\u0117l laiko. Registruotis galima el. pa\u0161tu saukstas.proto@gmail.com arba <a href=\"https:\/\/fb.com\/book\/saukstasproto\/\" data-type=\"URL\" data-id=\"https:\/\/fb.com\/book\/saukstasproto\/\">Facebook puslapyje<\/a>. Konsultacija trunka valand\u0105, kainuoja <a href=\"https:\/\/saukstasproto.lt\/?page_id=16\">40 eur\u0173<\/a>. <\/p>\n\n\n\n<p>\u0160iuo metu konsultacijos tik nuotolin\u0117s arba vaik\u0161tant Vilniaus gatv\u0117mis (da\u017eniausiai Neries paupiu). Pasibaigus karantinui &#8211; pakviesiu ir gyvoms konsultacijoms kabinete.<\/p>\n\n\n\n<figure class=\"wp-block-image size-large\"><img loading=\"lazy\" decoding=\"async\" width=\"1024\" height=\"577\" src=\"https:\/\/saukstasproto.lt\/wp-content\/uploads\/2021\/04\/IMG_20181026_181506-1024x577.jpg\" alt=\"\" class=\"wp-image-193\" srcset=\"https:\/\/saukstasproto.lt\/wp-content\/uploads\/2021\/04\/IMG_20181026_181506-1024x577.jpg 1024w, https:\/\/saukstasproto.lt\/wp-content\/uploads\/2021\/04\/IMG_20181026_181506-300x169.jpg 300w, https:\/\/saukstasproto.lt\/wp-content\/uploads\/2021\/04\/IMG_20181026_181506-768x433.jpg 768w, https:\/\/saukstasproto.lt\/wp-content\/uploads\/2021\/04\/IMG_20181026_181506-1536x866.jpg 1536w, https:\/\/saukstasproto.lt\/wp-content\/uploads\/2021\/04\/IMG_20181026_181506-2048x1155.jpg 2048w\" sizes=\"auto, (max-width: 767px) 89vw, (max-width: 1000px) 54vw, (max-width: 1071px) 543px, 580px\" \/><\/figure>\n\n\n\n<h2 class=\"wp-block-heading\">Pirma konsultacija<\/h2>\n\n\n\n<p>Visada pradedant si\u016blau galvoti, kad tai ir bus vienintel\u0117 konsultacija. Da\u017enai vienos konsultacijos ir u\u017etenka &#8211; \u017emogus gauna reikaling\u0105 palaikym\u0105, \u017evilgsn\u012f i\u0161 \u0161ono, suformuluoja strategij\u0105, kaip problem\u0105 spr\u0119sti toliau &#8211; ir to gana.  Ta\u010diau tai priklauso ir nuo j\u016bs\u0173 &#8211; psichologo konsultacija n\u0117ra &#8220;tablet\u0117&#8221;, kuri padeda. Padeda ne konsultacija, o ai\u0161kumas, k\u0105 toliau  daryti savaranki\u0161kai. Sunkumas kaip buvo, taip ir lieka j\u016bs\u0173 sprendimui. Jei jums sunku apib\u016bdinti savo sunkum\u0105 ar suprasti, kod\u0117l jis jus slegia &#8211; vienos konsultacijos paprastai neu\u017etenka.<\/p>\n\n\n\n<p>Pirmai konsultacijai visada naudinga apgalvoti savo klausim\u0105, arba kaip vadinama &#8211; u\u017esakym\u0105 psichologui. Ruo\u0161iantis verta apgalvoti atsakymus \u012f tokius klausimus:<\/p>\n\n\n\n<ul class=\"wp-block-list\"><li>koks j\u016bs\u0173 pagrindinis klausimas, sunkumas, kur ir su kuo jums nesiseka arba kur ir su kuo norite, kad sekt\u0173si geriau? B\u016bt\u0173 puiku, jei pateiktum\u0117te kuo daugiau detali\u0173 apie  tai, kaip jau\u010diat\u0117s, k\u0105 galvojate, kaip elgiat\u0117s, nes su apib\u016bdinimu &#8220;man sunku&#8221; i\u0161 ties\u0173 sunku ka\u017ekuo ir pad\u0117ti. Kas sunku, kada sunkiausia, gal pastebite, kas sukelia toki\u0105 b\u016bsen\u0105, kokiose situacijose da\u017eniausiai sunku?<\/li><li>ar seniai sprend\u017eiate \u0161\u012f klausim\u0105?<\/li><li>kokius b\u016bdus jau i\u0161band\u0117te, kas pavyko ir nepavyko? Visai normalu b\u016bti nei\u0161band\u017eius nieko, nesijauskite kalti, jei pagalbos ie\u0161kote i\u0161 karto.<\/li><li>k\u0105 galvojate apie savo galimybes \u0161\u012f sunkum\u0105 i\u0161spr\u0119sti? Ar tikite, kad galite j\u012f \u012fveikti? Kas jus motyvuoja ie\u0161koti pagalbos? K\u0105 esate pasiry\u017e\u0119 pakeisti vardan \u0161io sunkumo sprendimo?<\/li><li>kokios pagalbos tikit\u0117s i\u0161 psichologo? Ar turite vilt\u012f, kad psichologas &#8220;padarys ka\u017ek\u0105&#8221;, nuo ko jums bus geriau? Ar jau band\u0117te tai spr\u0119sti su kit\u0173 psichologu, gydytoju ar kitokia pagalba? <\/li><li>ar \u0161iuo metu gaunate kokios nors pagalbos \u0161iam sunkumui spr\u0119sti (dirbate su kitais specialistais, vartojate vaistus, taikote kokias nors priemones, metodus, skaitote, mokot\u0117s ir pan.)? Kokios paramos ir pagalbos galite gauti i\u0161 savo artimo rato (\u0161eimos, giminai\u010di\u0173, draug\u0173, koleg\u0173)?<\/li><\/ul>\n\n\n\n<figure class=\"wp-block-image size-large\"><img loading=\"lazy\" decoding=\"async\" width=\"1024\" height=\"682\" src=\"https:\/\/saukstasproto.lt\/wp-content\/uploads\/2021\/05\/IMG_3218-HDR-1024x682.jpg\" alt=\"\" class=\"wp-image-209\" srcset=\"https:\/\/saukstasproto.lt\/wp-content\/uploads\/2021\/05\/IMG_3218-HDR-1024x682.jpg 1024w, https:\/\/saukstasproto.lt\/wp-content\/uploads\/2021\/05\/IMG_3218-HDR-300x200.jpg 300w, https:\/\/saukstasproto.lt\/wp-content\/uploads\/2021\/05\/IMG_3218-HDR-768x512.jpg 768w, https:\/\/saukstasproto.lt\/wp-content\/uploads\/2021\/05\/IMG_3218-HDR.jpg 1280w\" sizes=\"auto, (max-width: 767px) 89vw, (max-width: 1000px) 54vw, (max-width: 1071px) 543px, 580px\" \/><\/figure>\n\n\n\n<p>Pirma konsultacija da\u017eniausiai apima \u0161i\u0173 klausim\u0173 aptarim\u0105, galim\u0173 sprendimo strategij\u0173 svarstym\u0105 ir veiksm\u0173 plano sudarym\u0105. Jei toki\u0173 sprendim\u0173 pasiekti nei\u0161eina, arba sutariame d\u0117l tolimesnio mano palaikymo \u0161iuos \u017eingsnius atliekant &#8211; tariam\u0117s d\u0117l tolimesni\u0173 konsultacij\u0173. <\/p>\n\n\n\n<p>Taip pat tai b\u016bdas jums ir man suprasti, ar mums kartu dirbti pavyksta. Jei jau\u010diate diskomfort\u0105 &#8211; tikrai gera mintis pabandyti kit\u0105 psicholog\u0105. Tai nerei\u0161kia, kad psichologija neveikia &#8211; gal m\u016bs\u0173 asmenyb\u0117s kiek per daug skirtingos, kad gal\u0117tume dirbti skland\u017eiai. Jei tai n\u0117ra stiprus diskomfortas &#8211; dirbant ilgiau, jis palaipsniui ma\u017e\u0117s, nes tapsime labiau pa\u017e\u012fstami.<\/p>\n\n\n\n<div class=\"wp-block-columns is-layout-flex wp-container-core-columns-is-layout-9d6595d7 wp-block-columns-is-layout-flex\">\n<div class=\"wp-block-column is-layout-flow wp-block-column-is-layout-flow\">\n<figure class=\"wp-block-image size-large\"><img loading=\"lazy\" decoding=\"async\" width=\"1024\" height=\"768\" src=\"https:\/\/saukstasproto.lt\/wp-content\/uploads\/2021\/04\/IMG_20180920_080423-1024x768.jpg\" alt=\"\" class=\"wp-image-192\" srcset=\"https:\/\/saukstasproto.lt\/wp-content\/uploads\/2021\/04\/IMG_20180920_080423-1024x768.jpg 1024w, https:\/\/saukstasproto.lt\/wp-content\/uploads\/2021\/04\/IMG_20180920_080423-300x225.jpg 300w, https:\/\/saukstasproto.lt\/wp-content\/uploads\/2021\/04\/IMG_20180920_080423-768x576.jpg 768w, https:\/\/saukstasproto.lt\/wp-content\/uploads\/2021\/04\/IMG_20180920_080423-1536x1152.jpg 1536w, https:\/\/saukstasproto.lt\/wp-content\/uploads\/2021\/04\/IMG_20180920_080423-2048x1536.jpg 2048w\" sizes=\"auto, (max-width: 767px) 89vw, (max-width: 1000px) 54vw, (max-width: 1071px) 543px, 580px\" \/><\/figure>\n\n\n\n<p><\/p>\n<\/div>\n<\/div>\n\n\n\n<h2 class=\"wp-block-heading\">Tolimesn\u0117s konsultacijos<\/h2>\n\n\n\n<p>Paprastai susitinkame\/susisiekiame kart\u0105 per savait\u0119, konsultacija trunka valand\u0105, kainuoja 40 eur\u0173. Pra\u0161au <a href=\"https:\/\/saukstasproto.lt\/?page_id=16\" data-type=\"URL\" data-id=\"https:\/\/saukstasproto.lt\/?page_id=16\">sumok\u0117ti <\/a>t\u0105 pa\u010di\u0105 dien\u0105, kai vyksta konsultacija, arba mok\u0117jimo pavedime nurodyti konsultacijos dat\u0105.<\/p>\n\n\n\n<p>Konsultacij\u0105 pradedame nuo bendro b\u016bsenos patikrinimo &#8211; klausiu &#8220;kaip jau\u010diat\u0117s? Kaip pra\u0117jo savait\u0117?&#8221;, da\u017enai pra\u0161au \u012fvertinti skal\u0117je nuo 0 iki 10, t.y. suteikti savo savaitei &#8220;pa\u017eym\u012f&#8221;. <\/p>\n\n\n\n<p>Tada aptariame pra\u0117jusios savait\u0117s nam\u0173 darbus &#8211; kaip pavyko juos atlikti, koki\u0173 buvo sunkum\u0173, koki\u0173 kilo min\u010di\u0173, kas pasikeit\u0117.<\/p>\n\n\n\n<p>Tuomet klausiu &#8211; apie k\u0105 norite \u0161iandien kalb\u0117ti. \u0160i\u0105 dal\u012f konsultacijos skiriame kokio nors konkretaus klausimo aptarimui, detalizavimui, buvusi\u0173 arba b\u016bsim\u0173 situacij\u0173 aptarimui; kartais dalijuosi tuo,  k\u0105 psichologijos mokslas \u017eino ir si\u016blo konkretaus atvejo ar sunkumo sprendimui, kartais klientas pasakoja savo patirtis ir jau i\u0161moktas pamokas. Kiekvien\u0105 kart\u0105 tikslas yra rasti ir sutarti d\u0117l konkre\u010diai \u0161iam \u017emogui tinkamo plano, veiksm\u0173 tam, kad esama pad\u0117tis pasikeist\u0173 \u012f ger\u0105, galim\u0173 kli\u016b\u010di\u0173 \u012fveikos b\u016bd\u0173 (&#8220;jeigu bus taip&#8230; tada darysiu\/galvosiu taip&#8230;). Sutartas veiksm\u0173 planas tampa sekan\u010diais nam\u0173 darbais.<\/p>\n\n\n\n<figure class=\"wp-block-image size-large\"><img loading=\"lazy\" decoding=\"async\" width=\"1024\" height=\"682\" src=\"https:\/\/saukstasproto.lt\/wp-content\/uploads\/2021\/05\/IMG_3232-HDR-1024x682.jpg\" alt=\"\" class=\"wp-image-211\" srcset=\"https:\/\/saukstasproto.lt\/wp-content\/uploads\/2021\/05\/IMG_3232-HDR-1024x682.jpg 1024w, https:\/\/saukstasproto.lt\/wp-content\/uploads\/2021\/05\/IMG_3232-HDR-300x200.jpg 300w, https:\/\/saukstasproto.lt\/wp-content\/uploads\/2021\/05\/IMG_3232-HDR-768x512.jpg 768w, https:\/\/saukstasproto.lt\/wp-content\/uploads\/2021\/05\/IMG_3232-HDR.jpg 1280w\" sizes=\"auto, (max-width: 767px) 89vw, (max-width: 1000px) 54vw, (max-width: 1071px) 543px, 580px\" \/><\/figure>\n\n\n\n<p>Pabaigai tariam\u0117s d\u0117l kit\u0173 tem\u0173 aptarimui, kitos konsultacijos laiko (jei nesame sutar\u0119 kas savait\u0119 to paties laiko).<\/p>\n\n\n\n<p>Paprastai esam\u0173, einam\u0173j\u0173 klausim\u0173 aptarimui ir rei\u0161mingam post\u016bmiui jas sprend\u017eiant u\u017etenka 7-10 konsultacij\u0173. Jei klausimai &#8220;i\u0161senka&#8221; &#8211; klient\u0173 pra\u0161au atvirai taip ir pasakyti, neie\u0161kant kitoki\u0173 mandagi\u0173 frazi\u0173. Puikiai tinka &#8220;man atrodo, kad dabar jau galiu tvarkytis savaranki\u0161kai&#8221; &#8211; man tai tikrai sukels tik d\u017eiaugsm\u0105 ir pasitenkinim\u0105. Tokiu atveju paprastai si\u016blau daryti pertrauk\u0105 ir gr\u012f\u017eti, jei atsiras nauj\u0173 sunkum\u0173, \u012fvyks atkrytis (gr\u012f\u0161ite prie sen\u0173 elgesio modeli\u0173 ir sunkumas v\u0117l taps reik\u0161mingas) arba kils nauj\u0173 klausim\u0173. <\/p>\n\n\n\n<p>Daugiau susitikim\u0173 paprastai reikia, jei nam\u0173 darbai neatliekami arba negali b\u016bti atliekami d\u0117l nekontroliuojam\u0173 prie\u017eas\u010di\u0173, yra daug vidinio pasiprie\u0161inimo. Kiekvienas pokytis yra \u017eingsnis lauk i\u0161 komforto zonos &#8211; nors tas \u017eingsnis b\u016bt\u0173 ir \u012f ger\u0105, bet s\u0105mon\u0117 da\u017eniausiai poky\u010diams prie\u0161inasi. Vidinis pasiprie\u0161inimas  yra normali reakcija dirbant su psichologu, jam nereikia suteikti labai daug galios &#8211; ta\u010diau j\u012f taip pat labai svarbu su psichologu aptarti. Tai geras \u017eenklas apie j\u016bs\u0173 galvoje vykstan\u010dius poky\u010dius ir b\u016bdas atverti daugiau galimybi\u0173 reikalingiems poky\u010diams.<\/p>\n\n\n\n<div class=\"wp-block-columns is-layout-flex wp-container-core-columns-is-layout-9d6595d7 wp-block-columns-is-layout-flex\">\n<div class=\"wp-block-column is-layout-flow wp-block-column-is-layout-flow\" style=\"flex-basis:100%\">\n<div class=\"wp-block-columns is-layout-flex wp-container-core-columns-is-layout-9d6595d7 wp-block-columns-is-layout-flex\">\n<div class=\"wp-block-column is-layout-flow wp-block-column-is-layout-flow\" style=\"flex-basis:100%\">\n<div class=\"wp-block-group\"><div class=\"wp-block-group__inner-container is-layout-flow wp-block-group-is-layout-flow\">\n<div class=\"wp-block-image\"><figure class=\"aligncenter size-large\"><img loading=\"lazy\" decoding=\"async\" width=\"498\" height=\"1024\" src=\"https:\/\/saukstasproto.lt\/wp-content\/uploads\/2021\/04\/20200909_191525-1-498x1024.jpg\" alt=\"\" class=\"wp-image-194\" srcset=\"https:\/\/saukstasproto.lt\/wp-content\/uploads\/2021\/04\/20200909_191525-1-498x1024.jpg 498w, https:\/\/saukstasproto.lt\/wp-content\/uploads\/2021\/04\/20200909_191525-1-146x300.jpg 146w, https:\/\/saukstasproto.lt\/wp-content\/uploads\/2021\/04\/20200909_191525-1.jpg 646w\" sizes=\"auto, (max-width: 498px) 100vw, 498px\" \/><\/figure><\/div>\n\n\n\n<p><\/p>\n<\/div><\/div>\n<\/div>\n<\/div>\n<\/div>\n<\/div>\n\n\n\n<h2 class=\"wp-block-heading\">Pabaigai<\/h2>\n\n\n\n<p>Kiekvienas psichologas dirba truput\u0117l\u012f kitaip, nes pagrindinis psichologo darbo \u012frankis yra jis pats, jo ar jos asmenyb\u0117, m\u0105stymas, emocijos. Kiekvienas i\u0161 m\u016bs\u0173 esame skirtingi, tod\u0117l ir kiekvieno psichologo darbo metodai gali \u0161iek tiek skirtis. Tod\u0117l gera mintis yra ie\u0161koti _savo_ psichologo, su kuriuo galite laisvai ir atvirai kalb\u0117tis. Jei jums nesiseka &#8211; galb\u016bt jums tiesiog reikia kito \u017emogaus.<\/p>\n\n\n\n<h2 class=\"wp-block-heading\">Praktin\u0117s detal\u0117s<\/h2>\n\n\n\n<p><a href=\"https:\/\/saukstasproto.lt\/?page_id=16\" data-type=\"URL\" data-id=\"https:\/\/saukstasproto.lt\/?page_id=16\">Kontaktai ir mok\u0117jimo informacija<\/a><\/p>\n\n\n\n<p><a href=\"https:\/\/saukstasproto.lt\/?page_id=28\">Facebook registracija konsultacijai<\/a><\/p>\n\n\n\n<p><a href=\"mailto:saukstas.proto@gmail.com\" data-type=\"mailto\" data-id=\"mailto:saukstas.proto@gmail.com\">Registracija konsultacijai el. pa\u0161tu<\/a><\/p>\n\n\n\n<figure class=\"wp-block-image size-large\"><img loading=\"lazy\" decoding=\"async\" width=\"682\" height=\"1024\" src=\"https:\/\/saukstasproto.lt\/wp-content\/uploads\/2021\/05\/IMG_3252-HDR-682x1024.jpg\" alt=\"\" class=\"wp-image-212\" srcset=\"https:\/\/saukstasproto.lt\/wp-content\/uploads\/2021\/05\/IMG_3252-HDR-682x1024.jpg 682w, https:\/\/saukstasproto.lt\/wp-content\/uploads\/2021\/05\/IMG_3252-HDR-200x300.jpg 200w, https:\/\/saukstasproto.lt\/wp-content\/uploads\/2021\/05\/IMG_3252-HDR-768x1152.jpg 768w, https:\/\/saukstasproto.lt\/wp-content\/uploads\/2021\/05\/IMG_3252-HDR.jpg 853w\" sizes=\"auto, (max-width: 682px) 100vw, 682px\" \/><\/figure>\n","protected":false},"excerpt":{"rendered":"<p>Trumpai apie tai, kaip vyksta psichologo konsultacijos pas mane. Iki pirmos konsultacijos Visos konsultacijos vyksta tik u\u017esiregistravus i\u0161 anksto ir sutarus d\u0117l laiko. Registruotis galima el. pa\u0161tu saukstas.proto@gmail.com arba Facebook puslapyje. Konsultacija trunka valand\u0105, kainuoja 40 eur\u0173. \u0160iuo metu konsultacijos tik nuotolin\u0117s arba vaik\u0161tant Vilniaus gatv\u0117mis (da\u017eniausiai Neries paupiu). Pasibaigus karantinui &#8211; pakviesiu ir gyvoms &hellip; <\/p>\n<p class=\"link-more\"><a href=\"https:\/\/saukstasproto.lt\/?page_id=189\" class=\"more-link\">Continue reading<span class=\"screen-reader-text\"> &#8220;Naujam klientui&#8221;<\/span><\/a><\/p>\n","protected":false},"author":1,"featured_media":0,"parent":0,"menu_order":0,"comment_status":"closed","ping_status":"closed","template":"","meta":{"footnotes":""},"class_list":["post-189","page","type-page","status-publish","hentry"],"_links":{"self":[{"href":"https:\/\/saukstasproto.lt\/index.php?rest_route=\/wp\/v2\/pages\/189","targetHints":{"allow":["GET"]}}],"collection":[{"href":"https:\/\/saukstasproto.lt\/index.php?rest_route=\/wp\/v2\/pages"}],"about":[{"href":"https:\/\/saukstasproto.lt\/index.php?rest_route=\/wp\/v2\/types\/page"}],"author":[{"embeddable":true,"href":"https:\/\/saukstasproto.lt\/index.php?rest_route=\/wp\/v2\/users\/1"}],"replies":[{"embeddable":true,"href":"https:\/\/saukstasproto.lt\/index.php?rest_route=%2Fwp%2Fv2%2Fcomments&post=189"}],"version-history":[{"count":4,"href":"https:\/\/saukstasproto.lt\/index.php?rest_route=\/wp\/v2\/pages\/189\/revisions"}],"predecessor-version":[{"id":235,"href":"https:\/\/saukstasproto.lt\/index.php?rest_route=\/wp\/v2\/pages\/189\/revisions\/235"}],"wp:attachment":[{"href":"https:\/\/saukstasproto.lt\/index.php?rest_route=%2Fwp%2Fv2%2Fmedia&parent=189"}],"curies":[{"name":"wp","href":"https:\/\/api.w.org\/{rel}","templated":true}]}}