{"id":16,"date":"2018-10-22T17:28:10","date_gmt":"2018-10-22T17:28:10","guid":{"rendered":"http:\/\/www.saukstasproto.lt\/?page_id=16"},"modified":"2023-05-31T08:59:42","modified_gmt":"2023-05-31T08:59:42","slug":"kontaktai","status":"publish","type":"page","link":"https:\/\/saukstasproto.lt\/?page_id=16","title":{"rendered":"Kontaktai ir mok\u0117jimo informacija"},"content":{"rendered":"<ul>\n<li><strong>Telefonu:<\/strong>\u00a0(8-628) 31386<\/li>\n<li><strong>El. pa\u0161tu:<\/strong> saukstas.proto@gmail.com<\/li>\n<li><strong>Gyvai:<\/strong> Go\u0161tauto g. 8, Vilnius\u00a0<\/li>\n<li><strong>Registruotis konsultacijai gyvai: <\/strong>https:\/\/calendly.com\/saukstasproto\/psichologine-konsultacija-gyvai<\/li>\n<li><strong>Registruotis nuotolinei konsultacijai:<\/strong> https:\/\/calendly.com\/saukstasproto\/psichologine-konsultacija<\/li>\n<li><strong>Skype:<\/strong>\u00a0\u00a0saukstas.proto<\/li>\n<\/ul>\n\n\n<p><\/p>\n\n\n\n<h2 class=\"wp-block-heading\">Informacija mok\u0117jimams:<\/h2>\n\n\n\n<p><em>s\u0105skaita: <\/em>a\/s LT717300010161580602<br><em>bankas: <\/em>Bankas AB Swedbank, banko kodas 73000, SWIFT&nbsp;kodas: HABALT22<br><em>gav\u0117ja: <\/em>Monika Kuzminskait\u0117<br><em>paskirtis:<\/em> psichologin\u0117 konsultacija 2023-**-** <em>(nurodykite dat\u0105)<\/em><br><em>suma: <\/em>40 EUR <em>(jei mokate u\u017e vien\u0105 konsultacij\u0105)<\/em><\/p>\n","protected":false},"excerpt":{"rendered":"<p>Telefonu:\u00a0(8-628) 31386 El. pa\u0161tu: saukstas.proto@gmail.com Gyvai: Go\u0161tauto g. 8, Vilnius\u00a0 Registruotis konsultacijai gyvai: https:\/\/calendly.com\/saukstasproto\/psichologine-konsultacija-gyvai Registruotis nuotolinei konsultacijai: https:\/\/calendly.com\/saukstasproto\/psichologine-konsultacija Skype:\u00a0\u00a0saukstas.proto Informacija mok\u0117jimams: s\u0105skaita: a\/s LT717300010161580602bankas: Bankas AB Swedbank, banko kodas 73000, SWIFT&nbsp;kodas: HABALT22gav\u0117ja: Monika Kuzminskait\u0117paskirtis: psichologin\u0117 konsultacija 2023-**-** (nurodykite dat\u0105)suma: 40 EUR (jei mokate u\u017e vien\u0105 konsultacij\u0105)<\/p>\n","protected":false},"author":1,"featured_media":58,"parent":23,"menu_order":1,"comment_status":"closed","ping_status":"closed","template":"","meta":{"footnotes":""},"class_list":["post-16","page","type-page","status-publish","has-post-thumbnail","hentry"],"_links":{"self":[{"href":"https:\/\/saukstasproto.lt\/index.php?rest_route=\/wp\/v2\/pages\/16","targetHints":{"allow":["GET"]}}],"collection":[{"href":"https:\/\/saukstasproto.lt\/index.php?rest_route=\/wp\/v2\/pages"}],"about":[{"href":"https:\/\/saukstasproto.lt\/index.php?rest_route=\/wp\/v2\/types\/page"}],"author":[{"embeddable":true,"href":"https:\/\/saukstasproto.lt\/index.php?rest_route=\/wp\/v2\/users\/1"}],"replies":[{"embeddable":true,"href":"https:\/\/saukstasproto.lt\/index.php?rest_route=%2Fwp%2Fv2%2Fcomments&post=16"}],"version-history":[{"count":14,"href":"https:\/\/saukstasproto.lt\/index.php?rest_route=\/wp\/v2\/pages\/16\/revisions"}],"predecessor-version":[{"id":39997,"href":"https:\/\/saukstasproto.lt\/index.php?rest_route=\/wp\/v2\/pages\/16\/revisions\/39997"}],"up":[{"embeddable":true,"href":"https:\/\/saukstasproto.lt\/index.php?rest_route=\/wp\/v2\/pages\/23"}],"wp:featuredmedia":[{"embeddable":true,"href":"https:\/\/saukstasproto.lt\/index.php?rest_route=\/wp\/v2\/media\/58"}],"wp:attachment":[{"href":"https:\/\/saukstasproto.lt\/index.php?rest_route=%2Fwp%2Fv2%2Fmedia&parent=16"}],"curies":[{"name":"wp","href":"https:\/\/api.w.org\/{rel}","templated":true}]}}