{"id":148,"date":"2020-08-15T07:55:41","date_gmt":"2020-08-15T07:55:41","guid":{"rendered":"http:\/\/www.saukstasproto.lt\/?page_id=148"},"modified":"2023-03-27T07:50:38","modified_gmt":"2023-03-27T07:50:38","slug":"dovanu-kuponai","status":"publish","type":"page","link":"https:\/\/saukstasproto.lt\/?page_id=148","title":{"rendered":"Dovan\u0173 kuponai"},"content":{"rendered":"\n<p>Dovanokite psicholog\u0117s konsultacij\u0105 &#8211; konsultacijai gav\u0117ja ar gav\u0117jas tur\u0117t\u0173 u\u017esiregistruoti savaranki\u0161kai, patogiu metu. Kontaktai registracijai atspausdinti ant dovan\u0173 kupono. Kuponas atspausdintas ant ekologi\u0161ko popieriaus \ud83d\ude42<\/p>\n\n\n\n<div class=\"wp-block-group alignwide\"><div class=\"wp-block-group__inner-container is-layout-flow wp-block-group-is-layout-flow\">\n<figure class=\"wp-block-image size-large\"><img loading=\"lazy\" decoding=\"async\" width=\"654\" height=\"436\" src=\"https:\/\/saukstasproto.lt\/wp-content\/uploads\/2020\/08\/kuponas-\u0161viesus.jpg\" alt=\"\" class=\"wp-image-155\" srcset=\"https:\/\/saukstasproto.lt\/wp-content\/uploads\/2020\/08\/kuponas-\u0161viesus.jpg 654w, https:\/\/saukstasproto.lt\/wp-content\/uploads\/2020\/08\/kuponas-\u0161viesus-300x200.jpg 300w\" sizes=\"auto, (max-width: 654px) 100vw, 654px\" \/><\/figure>\n<\/div><\/div>\n\n\n\n<p>Sumok\u0117ti u\u017e kupon\u0105 galite:<\/p>\n\n\n\n<ul class=\"wp-block-list\"><li>Pavedimu \u012f Swedbank (rekvizitai mok\u0117jimui <a href=\"https:\/\/saukstasproto.lt\/?page_id=16\" data-type=\"URL\" data-id=\"https:\/\/saukstasproto.lt\/?page_id=16\">\u010dia<\/a>)<\/li><li><a rel=\"noreferrer noopener\" href=\"https:\/\/pay.revolut.com\/r\/lOreTS38Hz\" target=\"_blank\">Revolut<\/a><\/li><li>Grynais  (Vilniuje, Go\u0161tauto g.) &#8211; tarkim\u0117s d\u0117l laiko <\/li><li>Visais klausimais pra\u0161om ra\u0161ykite \u012f <a rel=\"noreferrer noopener\" href=\"http:\/\/m.me\/saukstasproto\" target=\"_blank\">FB Messenger<\/a><\/li><\/ul>\n\n\n\n<p><\/p>\n","protected":false},"excerpt":{"rendered":"<p>Dovanokite psicholog\u0117s konsultacij\u0105 &#8211; konsultacijai gav\u0117ja ar gav\u0117jas tur\u0117t\u0173 u\u017esiregistruoti savaranki\u0161kai, patogiu metu. Kontaktai registracijai atspausdinti ant dovan\u0173 kupono. Kuponas atspausdintas ant ekologi\u0161ko popieriaus \ud83d\ude42 Sumok\u0117ti u\u017e kupon\u0105 galite: Pavedimu \u012f Swedbank (rekvizitai mok\u0117jimui \u010dia) Revolut Grynais (Vilniuje, Go\u0161tauto g.) &#8211; tarkim\u0117s d\u0117l laiko Visais klausimais pra\u0161om ra\u0161ykite \u012f FB Messenger<\/p>\n","protected":false},"author":2,"featured_media":0,"parent":0,"menu_order":0,"comment_status":"closed","ping_status":"closed","template":"","meta":{"footnotes":""},"class_list":["post-148","page","type-page","status-publish","hentry"],"_links":{"self":[{"href":"https:\/\/saukstasproto.lt\/index.php?rest_route=\/wp\/v2\/pages\/148","targetHints":{"allow":["GET"]}}],"collection":[{"href":"https:\/\/saukstasproto.lt\/index.php?rest_route=\/wp\/v2\/pages"}],"about":[{"href":"https:\/\/saukstasproto.lt\/index.php?rest_route=\/wp\/v2\/types\/page"}],"author":[{"embeddable":true,"href":"https:\/\/saukstasproto.lt\/index.php?rest_route=\/wp\/v2\/users\/2"}],"replies":[{"embeddable":true,"href":"https:\/\/saukstasproto.lt\/index.php?rest_route=%2Fwp%2Fv2%2Fcomments&post=148"}],"version-history":[{"count":4,"href":"https:\/\/saukstasproto.lt\/index.php?rest_route=\/wp\/v2\/pages\/148\/revisions"}],"predecessor-version":[{"id":39867,"href":"https:\/\/saukstasproto.lt\/index.php?rest_route=\/wp\/v2\/pages\/148\/revisions\/39867"}],"wp:attachment":[{"href":"https:\/\/saukstasproto.lt\/index.php?rest_route=%2Fwp%2Fv2%2Fmedia&parent=148"}],"curies":[{"name":"wp","href":"https:\/\/api.w.org\/{rel}","templated":true}]}}